{"id":1492,"date":"2010-01-19T13:05:16","date_gmt":"2010-01-19T12:05:16","guid":{"rendered":"http:\/\/www.michel-caron.fr\/peinture\/?page_id=1492"},"modified":"2010-03-18T11:40:59","modified_gmt":"2010-03-18T10:40:59","slug":"liens","status":"publish","type":"page","link":"https:\/\/www.michel-caron.fr\/peinture\/liens\/","title":{"rendered":"Liens"},"content":{"rendered":"<p><strong>D\u00e9couvrez sur cette page une s\u00e9lection personnelle de liens.<\/strong><\/p>\n<p><a href=\"http:\/\/www.ghislainechaplier.com\" target=\"_blank\">http:\/\/www.ghislainechaplier.com<\/a> : Ghislaine Chaplier est une antiquaire dont le magasin est situ\u00e9 au coeur du Village suisse, \u00e0 Paris. Elle est sp\u00e9cialis\u00e9e dans la vente d\u2019objets de vitrine (hochets, sceaux, bijoux, \u00e9pingles porte-bouquets, \u00e9ventails, etc.), parfois d\u00e9cor\u00e9s avec beaucoup de go\u00fbt par des peintres des 17 \u00e8me, 18 \u00e8me et 19 \u00e8me si\u00e8cles.<\/p>\n<p style=\"text-align: center;\"><a href=\"http:\/\/www.michel-caron.fr\/peinture\/wp-content\/uploads\/eventail_directoire_musique_fan-620x4651.jpg\"><img loading=\"lazy\" decoding=\"async\" class=\"size-full wp-image-1523 aligncenter\" title=\"eventail_directoire_musique_fan-620x4651\" src=\"http:\/\/www.michel-caron.fr\/peinture\/wp-content\/uploads\/eventail_directoire_musique_fan-620x4651.jpg\" alt=\"eventail_directoire_musique_fan-620x4651\" width=\"390\" height=\"292\" \/><\/a><\/p>\n<p><a href=\"http:\/\/www.filambule.fr\" target=\"_blank\">http:\/\/www.filambule.fr<\/a> : Filambule est un magasin parisien qui conjugue \u00e0 plaisir caprices de la mode et respect de l\u2019environnement. Il propose des v\u00eatements \u00e9cologiques en coton bio, d\u00e9cor\u00e9s avec go\u00fbt \u00e0 l\u2019aide de teintures v\u00e9g\u00e9tales.<\/p>\n<p style=\"text-align: center;\"><a href=\"http:\/\/www.michel-caron.fr\/peinture\/wp-content\/uploads\/filambule.jpg\"><img loading=\"lazy\" decoding=\"async\" class=\"size-medium wp-image-1625 aligncenter\" title=\"filambule\" src=\"http:\/\/www.michel-caron.fr\/peinture\/wp-content\/uploads\/filambule-463x620.jpg\" alt=\"filambule\" width=\"333\" height=\"446\" srcset=\"https:\/\/www.michel-caron.fr\/peinture\/wp-content\/uploads\/filambule-463x620.jpg 463w, https:\/\/www.michel-caron.fr\/peinture\/wp-content\/uploads\/filambule-765x1024.jpg 765w, https:\/\/www.michel-caron.fr\/peinture\/wp-content\/uploads\/filambule.jpg 1000w\" sizes=\"auto, (max-width: 333px) 100vw, 333px\" \/><\/a><\/p>\n","protected":false},"excerpt":{"rendered":"<p>D\u00e9couvrez sur cette page une s\u00e9lection personnelle de liens. http:\/\/www.ghislainechaplier.com : Ghislaine Chaplier est une antiquaire dont le magasin est situ\u00e9 au coeur du Village suisse, \u00e0 Paris. Elle est sp\u00e9cialis\u00e9e dans la vente d\u2019objets de vitrine (hochets, sceaux, bijoux, \u00e9pingles porte-bouquets, \u00e9ventails, etc.), parfois d\u00e9cor\u00e9s avec beaucoup de go\u00fbt par des peintres des 17 [&hellip;]<\/p>\n","protected":false},"author":1,"featured_media":0,"parent":0,"menu_order":0,"comment_status":"open","ping_status":"open","template":"","meta":{"footnotes":""},"class_list":["post-1492","page","type-page","status-publish","hentry"],"aioseo_notices":[],"_links":{"self":[{"href":"https:\/\/www.michel-caron.fr\/peinture\/wp-json\/wp\/v2\/pages\/1492","targetHints":{"allow":["GET"]}}],"collection":[{"href":"https:\/\/www.michel-caron.fr\/peinture\/wp-json\/wp\/v2\/pages"}],"about":[{"href":"https:\/\/www.michel-caron.fr\/peinture\/wp-json\/wp\/v2\/types\/page"}],"author":[{"embeddable":true,"href":"https:\/\/www.michel-caron.fr\/peinture\/wp-json\/wp\/v2\/users\/1"}],"replies":[{"embeddable":true,"href":"https:\/\/www.michel-caron.fr\/peinture\/wp-json\/wp\/v2\/comments?post=1492"}],"version-history":[{"count":7,"href":"https:\/\/www.michel-caron.fr\/peinture\/wp-json\/wp\/v2\/pages\/1492\/revisions"}],"predecessor-version":[{"id":1627,"href":"https:\/\/www.michel-caron.fr\/peinture\/wp-json\/wp\/v2\/pages\/1492\/revisions\/1627"}],"wp:attachment":[{"href":"https:\/\/www.michel-caron.fr\/peinture\/wp-json\/wp\/v2\/media?parent=1492"}],"curies":[{"name":"wp","href":"https:\/\/api.w.org\/{rel}","templated":true}]}}